{"id":11,"date":"2026-02-24T19:42:03","date_gmt":"2026-02-24T19:42:03","guid":{"rendered":"https:\/\/emdoerautomatik.dk\/?page_id=11"},"modified":"2026-03-20T07:10:45","modified_gmt":"2026-03-20T07:10:45","slug":"forside","status":"publish","type":"page","link":"https:\/\/emdoerautomatik.dk\/","title":{"rendered":"Forside"},"content":{"rendered":"<p>[et_pb_section fb_built=&#8221;1&#8243; admin_label=&#8221;Header&#8221; _builder_version=&#8221;4.27.5&#8243; background_enable_image=&#8221;off&#8221; background_video_mp4=&#8221;https:\/\/emdoerautomatik.dk\/wp-content\/uploads\/new-1.mp4&#8243; custom_padding=&#8221;11vw||11vw||true|false&#8221; global_colors_info=&#8221;{%22gcid-616df9db-59a9-426c-8012-dc3f5169b64d%22:%91%22background_color_gradient_stops%22%93}&#8221;][et_pb_row _builder_version=&#8221;4.27.5&#8243; z_index=&#8221;10&#8243; max_width=&#8221;none&#8221; custom_padding=&#8221;0px||5px|||&#8221; global_colors_info=&#8221;{}&#8221;][et_pb_column type=&#8221;4_4&#8243; _builder_version=&#8221;4.16&#8243; global_colors_info=&#8221;{}&#8221;][et_pb_text _builder_version=&#8221;4.27.5&#8243; text_font_size=&#8221;16px&#8221; text_line_height=&#8221;1.8em&#8221; header_font=&#8221;Orbitron|700|||||||&#8221; header_font_size=&#8221;6vw&#8221; background_layout=&#8221;dark&#8221; width=&#8221;70%&#8221; header_font_tablet=&#8221;Orbitron|700|||||||&#8221; header_font_phone=&#8221;Orbitron|700|||||||&#8221; header_font_last_edited=&#8221;on|phone&#8221; header_font_size_tablet=&#8221;5vw&#8221; header_font_size_phone=&#8221;30px&#8221; header_font_size_last_edited=&#8221;on|phone&#8221; global_colors_info=&#8221;{}&#8221;]<\/p>\n<h1>Ny installation.<br \/>Reperation.<br \/>Service.<\/h1>\n<p>[\/et_pb_text][et_pb_button button_url=&#8221;https:\/\/emdoerautomatik.dk\/?page_id=14&#8243; button_text=&#8221;Book et service&#8221; _builder_version=&#8221;4.27.5&#8243; custom_button=&#8221;on&#8221; button_text_size=&#8221;14px&#8221; button_text_color=&#8221;gcid-616df9db-59a9-426c-8012-dc3f5169b64d&#8221; button_bg_color=&#8221;#ffffff&#8221; button_border_color=&#8221;rgba(0,0,0,0)&#8221; button_border_radius=&#8221;10px&#8221; button_letter_spacing=&#8221;6px&#8221; button_font=&#8221;&#8211;et_global_body_font|700||on|||||&#8221; button_icon=&#8221;&#x24;||divi||400&#8243; background_layout=&#8221;dark&#8221; custom_padding=&#8221;15px|40px|15px|40px|true|true&#8221; locked=&#8221;off&#8221; global_colors_info=&#8221;{%22gcid-616df9db-59a9-426c-8012-dc3f5169b64d%22:%91%22button_text_color%22%93}&#8221;][\/et_pb_button][\/et_pb_column][\/et_pb_row][\/et_pb_section][et_pb_section fb_built=&#8221;1&#8243; custom_padding_last_edited=&#8221;on|phone&#8221; admin_label=&#8221;Services&#8221; _builder_version=&#8221;4.27.5&#8243; custom_padding=&#8221;100px||106px|||&#8221; custom_padding_tablet=&#8221;100px||106px|||&#8221; custom_padding_phone=&#8221;30px||30px||false|false&#8221; global_colors_info=&#8221;{}&#8221;][et_pb_row custom_padding_last_edited=&#8221;on|phone&#8221; _builder_version=&#8221;4.27.5&#8243; custom_padding_tablet=&#8221;&#8221; custom_padding_phone=&#8221;||0px||false|false&#8221; global_colors_info=&#8221;{}&#8221;][et_pb_column type=&#8221;4_4&#8243; _builder_version=&#8221;4.16&#8243; global_colors_info=&#8221;{}&#8221;][et_pb_text _builder_version=&#8221;4.27.5&#8243; header_font=&#8221;Exo 2||||||||&#8221; header_2_font=&#8221;Orbitron|700|||||||&#8221; header_2_text_align=&#8221;center&#8221; header_2_text_color=&#8221;gcid-616df9db-59a9-426c-8012-dc3f5169b64d&#8221; header_2_font_size=&#8221;40px&#8221; header_2_line_height=&#8221;1.2em&#8221; module_alignment=&#8221;center&#8221; header_2_font_size_tablet=&#8221;&#8221; header_2_font_size_phone=&#8221;30px&#8221; header_2_font_size_last_edited=&#8221;on|phone&#8221; global_colors_info=&#8221;{%22gcid-616df9db-59a9-426c-8012-dc3f5169b64d%22:%91%22header_2_text_color%22%93}&#8221;]<\/p>\n<h2>Automatik der byder velkommen<\/h2>\n<p>[\/et_pb_text][\/et_pb_column][\/et_pb_row][et_pb_row column_structure=&#8221;1_3,1_3,1_3&#8243; custom_padding_last_edited=&#8221;on|phone&#8221; _builder_version=&#8221;4.27.5&#8243; max_width=&#8221;100%&#8221; custom_padding_tablet=&#8221;&#8221; custom_padding_phone=&#8221;||0px||false|false&#8221; global_colors_info=&#8221;{}&#8221;][et_pb_column type=&#8221;1_3&#8243; _builder_version=&#8221;4.16&#8243; global_colors_info=&#8221;{}&#8221;][et_pb_blurb title=&#8221;Slagd\u00f8rpumper&#8221; image=&#8221;https:\/\/emdoerautomatik.dk\/wp-content\/uploads\/Screenshot-2026-03-04-at-10.11.45.jpg&#8221; _builder_version=&#8221;4.27.5&#8243; header_font=&#8221;Orbitron|700|||||||&#8221; header_font_size=&#8221;24px&#8221; header_line_height=&#8221;1.4em&#8221; body_font=&#8221;&#8211;et_global_body_font||||||||&#8221; body_font_size=&#8221;16px&#8221; body_line_height=&#8221;1.8em&#8221; animation=&#8221;off&#8221; scroll_horizontal_motion_enable=&#8221;on&#8221; scroll_horizontal_motion=&#8221;0|50|50|100|-1|0|0&#8243; hover_enabled=&#8221;0&#8243; text_orientation_tablet=&#8221;center&#8221; text_orientation_phone=&#8221;&#8221; text_orientation_last_edited=&#8221;on|tablet&#8221; scroll_horizontal_motion_tablet=&#8221;0|50|50|100|0|0|0&#8243; scroll_horizontal_motion_phone=&#8221;&#8221; scroll_horizontal_motion_last_edited=&#8221;on|tablet&#8221; global_colors_info=&#8221;{}&#8221; title_text=&#8221;Screenshot&#8221; sticky_enabled=&#8221;0&#8243;]<\/p>\n<p><span>En slagd\u00f8rpumpe er en motoriseret d\u00f8r\u00e5bner, der \u00e5bner automatisk enten ved ber\u00f8ringsfri betjening \/ tryk \/ med sensor eller tastatur, mekanisk m.m.<\/span><\/p>\n<p>[\/et_pb_blurb][\/et_pb_column][et_pb_column type=&#8221;1_3&#8243; _builder_version=&#8221;4.16&#8243; global_colors_info=&#8221;{}&#8221;][et_pb_blurb title=&#8221;Skyded\u00f8rautomatisk&#8221; image=&#8221;https:\/\/emdoerautomatik.dk\/wp-content\/uploads\/f0c01f49-2e90-4f66-a965-94578b8960fb.jpeg&#8221; _builder_version=&#8221;4.27.5&#8243; header_font=&#8221;Orbitron|700|||||||&#8221; header_font_size=&#8221;24px&#8221; header_line_height=&#8221;1.4em&#8221; body_font=&#8221;&#8211;et_global_body_font||||||||&#8221; body_font_size=&#8221;16px&#8221; body_line_height=&#8221;1.8em&#8221; animation=&#8221;off&#8221; hover_enabled=&#8221;0&#8243; text_orientation_tablet=&#8221;center&#8221; text_orientation_phone=&#8221;&#8221; text_orientation_last_edited=&#8221;on|tablet&#8221; locked=&#8221;off&#8221; global_colors_info=&#8221;{}&#8221; title_text=&#8221;Screenshot&#8221; sticky_enabled=&#8221;0&#8243;]<\/p>\n<p><span>Automatisk skyded\u00f8rsautomatik er en motoriseret l\u00f8sning, med\u00a0 ber\u00f8ringsfri \u00e5bning og lukning af skyded\u00f8re via sensorer , mekanisk tryk eller tastatur m.m.<\/span><\/p>\n<p>[\/et_pb_blurb][\/et_pb_column][et_pb_column type=&#8221;1_3&#8243; _builder_version=&#8221;4.16&#8243; global_colors_info=&#8221;{}&#8221;][et_pb_blurb title=&#8221;Karruseld\u00f8re&#8221; image=&#8221;https:\/\/emdoerautomatik.dk\/wp-content\/uploads\/AdobeStock_1555297147_Preview.jpg&#8221; _builder_version=&#8221;4.27.5&#8243; header_font=&#8221;Orbitron|700|||||||&#8221; header_font_size=&#8221;24px&#8221; header_line_height=&#8221;1.4em&#8221; body_font=&#8221;&#8211;et_global_body_font||||||||&#8221; body_font_size=&#8221;16px&#8221; body_line_height=&#8221;1.8em&#8221; animation=&#8221;off&#8221; scroll_horizontal_motion_enable=&#8221;on&#8221; scroll_horizontal_motion=&#8221;0|50|50|100|1|0|0&#8243; text_orientation_tablet=&#8221;center&#8221; text_orientation_phone=&#8221;&#8221; text_orientation_last_edited=&#8221;on|tablet&#8221; scroll_horizontal_motion_tablet=&#8221;0|50|50|100|0|0|0&#8243; scroll_horizontal_motion_phone=&#8221;&#8221; scroll_horizontal_motion_last_edited=&#8221;on|tablet&#8221; locked=&#8221;off&#8221; global_colors_info=&#8221;{}&#8221;]<\/p>\n<p><span>Karruseld\u00f8re er en energieffektiv indgangsl\u00f8sning, der fungerer som en konstant luftsluse for at minimere tr\u00e6k, st\u00f8j og varmetab.<\/span><\/p>\n<p>[\/et_pb_blurb][\/et_pb_column][\/et_pb_row][\/et_pb_section][et_pb_section fb_built=&#8221;1&#8243; admin_label=&#8221;Call to Action&#8221; _builder_version=&#8221;4.16&#8243; custom_padding=&#8221;0px||0vw||false|false&#8221; global_colors_info=&#8221;{}&#8221;][et_pb_row column_structure=&#8221;1_2,1_2&#8243; custom_padding_last_edited=&#8221;on|phone&#8221; _builder_version=&#8221;4.27.5&#8243; max_width=&#8221;100%&#8221; custom_padding=&#8221;||101px|||&#8221; custom_padding_tablet=&#8221;||101px|||&#8221; custom_padding_phone=&#8221;||30px||false|false&#8221; global_colors_info=&#8221;{}&#8221;][et_pb_column type=&#8221;1_2&#8243; _builder_version=&#8221;4.16&#8243; global_colors_info=&#8221;{}&#8221;][et_pb_text _builder_version=&#8221;4.27.5&#8243; header_2_font=&#8221;Orbitron|700|||||||&#8221; header_2_text_color=&#8221;gcid-616df9db-59a9-426c-8012-dc3f5169b64d&#8221; header_2_font_size=&#8221;40px&#8221; header_2_line_height=&#8221;1.2em&#8221; custom_padding=&#8221;0px|||||&#8221; header_2_font_size_tablet=&#8221;&#8221; header_2_font_size_phone=&#8221;30px&#8221; header_2_font_size_last_edited=&#8221;on|phone&#8221; global_colors_info=&#8221;{%22gcid-616df9db-59a9-426c-8012-dc3f5169b64d%22:%91%22header_2_text_color%22%93}&#8221;]<\/p>\n<h2>Driftsikre d\u00f8rsystemer til erhverv og offentlige bygninger<\/h2>\n<p>[\/et_pb_text][\/et_pb_column][et_pb_column type=&#8221;1_2&#8243; _builder_version=&#8221;4.16&#8243; global_colors_info=&#8221;{}&#8221;][et_pb_text _builder_version=&#8221;4.27.5&#8243; text_font=&#8221;&#8211;et_global_body_font||||||||&#8221; text_font_size=&#8221;16px&#8221; text_line_height=&#8221;1.8em&#8221; global_colors_info=&#8221;{}&#8221;]<\/p>\n<p><span>Hos EM D\u00f8rautomatik leverer vi intelligente og driftssikre l\u00f8sninger inden for automatiske d\u00f8re. Vi kombinerer kvalitet, sikkerhed og design, s\u00e5 jeres bygning f\u00e5r en indgang, der b\u00e5de fungerer \u2013 og byder velkommen.<\/span><\/p>\n<p><span>Uanset om det g\u00e6lder erhverv, detail, sundhedssektor eller offentlige institutioner, sikrer vi l\u00f8sninger, der skaber nem adgang og et professionelt f\u00f8rsteh\u00e5ndsindtryk.<\/span><\/p>\n<p>[\/et_pb_text][et_pb_button button_url=&#8221;https:\/\/emdoerautomatik.dk\/?page_id=344098&#8243; button_text=&#8221;Vores kunder&#8221; _builder_version=&#8221;4.27.5&#8243; custom_button=&#8221;on&#8221; button_text_size=&#8221;14px&#8221; button_text_color=&#8221;gcid-616df9db-59a9-426c-8012-dc3f5169b64d&#8221; button_bg_color=&#8221;#ffffff&#8221; button_border_color=&#8221;gcid-616df9db-59a9-426c-8012-dc3f5169b64d&#8221; button_border_radius=&#8221;10px&#8221; button_letter_spacing=&#8221;6px&#8221; button_font=&#8221;&#8211;et_global_body_font|700||on|||||&#8221; button_icon=&#8221;&#x24;||divi||400&#8243; background_layout=&#8221;dark&#8221; custom_padding=&#8221;15px|40px|15px|40px|true|true&#8221; global_colors_info=&#8221;{%22gcid-616df9db-59a9-426c-8012-dc3f5169b64d%22:%91%22button_text_color%22,%22button_bg_color%22,%22button_border_color%22%93}&#8221;][\/et_pb_button][\/et_pb_column][\/et_pb_row][et_pb_row custom_padding_last_edited=&#8221;on|phone&#8221; _builder_version=&#8221;4.27.5&#8243; max_width=&#8221;100%&#8221; min_height=&#8221;0px&#8221; custom_margin_tablet=&#8221;&#8221; custom_margin_phone=&#8221;||19px||false|false&#8221; custom_margin_last_edited=&#8221;on|phone&#8221; custom_padding_tablet=&#8221;&#8221; custom_padding_phone=&#8221;||0px||false|false&#8221; global_colors_info=&#8221;{}&#8221;][et_pb_column type=&#8221;4_4&#8243; _builder_version=&#8221;4.27.5&#8243; custom_padding_tablet=&#8221;&#8221; custom_padding_phone=&#8221;||0px||false|false&#8221; custom_padding_last_edited=&#8221;on|phone&#8221; global_colors_info=&#8221;{}&#8221;][et_pb_image src=&#8221;https:\/\/emdoerautomatik.dk\/wp-content\/uploads\/DSC00418-scaled.jpg&#8221; title_text=&#8221;DSC00418&#8243; show_bottom_space=&#8221;off&#8221; _builder_version=&#8221;4.27.5&#8243; _module_preset=&#8221;default&#8221; custom_margin=&#8221;-15px|||||&#8221; custom_margin_tablet=&#8221;-15px|||||&#8221; custom_margin_phone=&#8221;0px||-1px||false|false&#8221; custom_margin_last_edited=&#8221;on|phone&#8221; custom_padding_tablet=&#8221;&#8221; custom_padding_phone=&#8221;||0px||false|false&#8221; custom_padding_last_edited=&#8221;on|phone&#8221; global_colors_info=&#8221;{}&#8221;][\/et_pb_image][\/et_pb_column][\/et_pb_row][\/et_pb_section]<\/p>\n","protected":false},"excerpt":{"rendered":"<p>Ny installation.Reperation.Service.Automatik der byder velkommenEn slagd\u00f8rpumpe er en motoriseret d\u00f8r\u00e5bner, der \u00e5bner automatisk enten ved ber\u00f8ringsfri betjening \/ tryk \/ med sensor eller tastatur, mekanisk m.m.Automatisk skyded\u00f8rsautomatik er en motoriseret l\u00f8sning, med\u00a0 ber\u00f8ringsfri \u00e5bning og lukning af skyded\u00f8re via sensorer , mekanisk tryk eller tastatur m.m.Karruseld\u00f8re er en energieffektiv indgangsl\u00f8sning, der fungerer som en konstant [&hellip;]<\/p>\n","protected":false},"author":2,"featured_media":0,"parent":0,"menu_order":0,"comment_status":"closed","ping_status":"closed","template":"","meta":{"_et_pb_use_builder":"on","_et_pb_old_content":"<!-- wp:divi\/placeholder \/-->","_et_gb_content_width":"","footnotes":""},"class_list":["post-11","page","type-page","status-publish","hentry"],"_links":{"self":[{"href":"https:\/\/emdoerautomatik.dk\/index.php?rest_route=\/wp\/v2\/pages\/11","targetHints":{"allow":["GET"]}}],"collection":[{"href":"https:\/\/emdoerautomatik.dk\/index.php?rest_route=\/wp\/v2\/pages"}],"about":[{"href":"https:\/\/emdoerautomatik.dk\/index.php?rest_route=\/wp\/v2\/types\/page"}],"author":[{"embeddable":true,"href":"https:\/\/emdoerautomatik.dk\/index.php?rest_route=\/wp\/v2\/users\/2"}],"replies":[{"embeddable":true,"href":"https:\/\/emdoerautomatik.dk\/index.php?rest_route=%2Fwp%2Fv2%2Fcomments&post=11"}],"version-history":[{"count":61,"href":"https:\/\/emdoerautomatik.dk\/index.php?rest_route=\/wp\/v2\/pages\/11\/revisions"}],"predecessor-version":[{"id":344299,"href":"https:\/\/emdoerautomatik.dk\/index.php?rest_route=\/wp\/v2\/pages\/11\/revisions\/344299"}],"wp:attachment":[{"href":"https:\/\/emdoerautomatik.dk\/index.php?rest_route=%2Fwp%2Fv2%2Fmedia&parent=11"}],"curies":[{"name":"wp","href":"https:\/\/api.w.org\/{rel}","templated":true}]}}