{"id":13,"date":"2026-02-24T19:43:08","date_gmt":"2026-02-24T19:43:08","guid":{"rendered":"https:\/\/emdoerautomatik.dk\/?page_id=13"},"modified":"2026-03-10T07:21:09","modified_gmt":"2026-03-10T07:21:09","slug":"vi-tilbyder","status":"publish","type":"page","link":"https:\/\/emdoerautomatik.dk\/?page_id=13","title":{"rendered":"Vi tilbyder"},"content":{"rendered":"<p>[et_pb_section fb_built=&#8221;1&#8243; custom_padding_last_edited=&#8221;on|phone&#8221; admin_label=&#8221;Header&#8221; _builder_version=&#8221;4.27.5&#8243; background_color=&#8221;rgba(0,0,0,0.48)&#8221; background_image=&#8221;https:\/\/emdoerautomatik.dk\/wp-content\/uploads\/DSC00416-scaled.jpg&#8221; background_blend=&#8221;multiply&#8221; background_enable_video_mp4=&#8221;off&#8221; custom_padding=&#8221;5vw||5vw||true|false&#8221; custom_padding_tablet=&#8221;9vw||9vw||true|false&#8221; custom_padding_phone=&#8221;18vw||18vw||true|false&#8221; global_colors_info=&#8221;{%22gcid-616df9db-59a9-426c-8012-dc3f5169b64d%22:%91%22background_color_gradient_stops%22%93}&#8221;][et_pb_row _builder_version=&#8221;4.27.5&#8243; z_index=&#8221;10&#8243; max_width=&#8221;none&#8221; custom_padding=&#8221;0px||5px|||&#8221; global_colors_info=&#8221;{}&#8221;][et_pb_column type=&#8221;4_4&#8243; _builder_version=&#8221;4.16&#8243; global_colors_info=&#8221;{}&#8221;][et_pb_text _builder_version=&#8221;4.27.5&#8243; text_font_size=&#8221;16px&#8221; text_line_height=&#8221;1.8em&#8221; header_font=&#8221;Orbitron|700|||||||&#8221; header_text_align=&#8221;center&#8221; header_font_size=&#8221;6vw&#8221; background_layout=&#8221;dark&#8221; width=&#8221;70%&#8221; module_alignment=&#8221;center&#8221; animation_style=&#8221;fade&#8221; header_text_align_tablet=&#8221;center&#8221; header_text_align_phone=&#8221;center&#8221; header_text_align_last_edited=&#8221;on|desktop&#8221; header_font_size_tablet=&#8221;&#8221; header_font_size_phone=&#8221;42px&#8221; header_font_size_last_edited=&#8221;on|tablet&#8221; global_colors_info=&#8221;{}&#8221;]<\/p>\n<h1>Vi tilbyder<\/h1>\n<p>[\/et_pb_text][\/et_pb_column][\/et_pb_row][\/et_pb_section][et_pb_section fb_built=&#8221;1&#8243; custom_padding_last_edited=&#8221;on|tablet&#8221; admin_label=&#8221;Features&#8221; _builder_version=&#8221;4.27.5&#8243; _module_preset=&#8221;default&#8221; background_color=&#8221;gcid-616df9db-59a9-426c-8012-dc3f5169b64d&#8221; custom_margin_tablet=&#8221;&#8221; custom_margin_phone=&#8221;&#8221; custom_margin_last_edited=&#8221;on|tablet&#8221; custom_padding_tablet=&#8221;0px||0px||true|false&#8221; custom_padding_phone=&#8221;0px||0px||true|false&#8221; collapsed=&#8221;on&#8221; global_colors_info=&#8221;{%22gcid-616df9db-59a9-426c-8012-dc3f5169b64d%22:%91%22background_color%22%93}&#8221;][et_pb_row _builder_version=&#8221;4.16&#8243; custom_padding=&#8221;35px|||||&#8221; global_colors_info=&#8221;{}&#8221;][et_pb_column type=&#8221;4_4&#8243; _builder_version=&#8221;4.16&#8243; global_colors_info=&#8221;{}&#8221;][et_pb_text _builder_version=&#8221;4.27.5&#8243; header_font=&#8221;Exo 2||||||||&#8221; header_2_font=&#8221;Orbitron|700|||||||&#8221; header_2_text_align=&#8221;center&#8221; header_2_text_color=&#8221;#FFFFFF&#8221; header_2_font_size=&#8221;40px&#8221; header_2_line_height=&#8221;1.2em&#8221; module_alignment=&#8221;center&#8221; header_2_font_size_tablet=&#8221;&#8221; header_2_font_size_phone=&#8221;30px&#8221; header_2_font_size_last_edited=&#8221;on|phone&#8221; global_colors_info=&#8221;{}&#8221;]<\/p>\n<h2>Vores ydelser inden for d\u00f8rautomatik<\/h2>\n<p>[\/et_pb_text][et_pb_text _builder_version=&#8221;4.27.5&#8243; _module_preset=&#8221;default&#8221; text_font=&#8221;&#8211;et_global_body_font||||||||&#8221; text_text_color=&#8221;#FFFFFF&#8221; text_font_size=&#8221;18px&#8221; text_line_height=&#8221;1.8em&#8221; text_orientation=&#8221;center&#8221; width=&#8221;56%&#8221; width_tablet=&#8221;&#8221; width_phone=&#8221;&#8221; width_last_edited=&#8221;on|phone&#8221; module_alignment=&#8221;center&#8221; global_colors_info=&#8221;{}&#8221;]<\/p>\n<p><span>Professionel service, levering og montering af l\u00f8sninger inden for d\u00f8rautomatik til alle b\u00e5de erhverv og offentlige institutioner, og hvem som m\u00e5tte have behov.<\/span><\/p>\n<p>[\/et_pb_text][\/et_pb_column][\/et_pb_row][et_pb_row column_structure=&#8221;1_2,1_2&#8243; custom_padding_last_edited=&#8221;on|tablet&#8221; _builder_version=&#8221;4.27.5&#8243; _module_preset=&#8221;default&#8221; max_width=&#8221;100%&#8221; custom_padding_tablet=&#8221;0px||||false|false&#8221; custom_padding_phone=&#8221;0px||||false|false&#8221; animation_style=&#8221;flip&#8221; animation_direction=&#8221;bottom&#8221; animation_duration=&#8221;1100ms&#8221; global_colors_info=&#8221;{}&#8221;][et_pb_column type=&#8221;1_2&#8243; _builder_version=&#8221;4.27.5&#8243; _module_preset=&#8221;default&#8221; background_color=&#8221;gcid-616df9db-59a9-426c-8012-dc3f5169b64d&#8221; custom_padding=&#8221;2vw|4vw|2vw|4vw|true|true&#8221; border_width_all=&#8221;1px&#8221; border_color_all=&#8221;#FFFFFF&#8221; global_colors_info=&#8221;{%22gcid-616df9db-59a9-426c-8012-dc3f5169b64d%22:%91%22background_color%22%93}&#8221;][et_pb_text _builder_version=&#8221;4.27.5&#8243; _module_preset=&#8221;d06619a7-0df3-4b81-b233-8785b3fc184c&#8221; header_3_text_color=&#8221;#FFFFFF&#8221; custom_margin_tablet=&#8221;&#8221; custom_margin_phone=&#8221;||0px||false|false&#8221; custom_margin_last_edited=&#8221;on|phone&#8221; custom_padding_tablet=&#8221;&#8221; custom_padding_phone=&#8221;||0px||false|false&#8221; custom_padding_last_edited=&#8221;on|phone&#8221; global_colors_info=&#8221;{}&#8221;]<\/p>\n<h3 data-start=\"256\" data-end=\"282\">Service og vedligehold<\/h3>\n<p>[\/et_pb_text][et_pb_text _builder_version=&#8221;4.27.5&#8243; _module_preset=&#8221;b0750e91-d16d-4ade-9393-95fc74d418b7&#8243; text_text_color=&#8221;#FFFFFF&#8221; custom_margin=&#8221;||0px||false|false&#8221; custom_padding=&#8221;||0px||false|false&#8221; global_colors_info=&#8221;{}&#8221;]<\/p>\n<p><span>Vi udf\u00f8rer service p\u00e5:<\/span><\/p>\n<ul>\n<li><span>El-d\u00f8rpumper til almindelige d\u00f8re (slagd\u00f8rsautomatik)<\/span><\/li>\n<li><span>1-fl\u00f8jet og 2-fl\u00f8jet automatiske skyded\u00f8re<\/span><\/li>\n<li><span>Karruseld\u00f8re<\/span><\/li>\n<\/ul>\n<p><span>Med vores h\u00f8je serviceniveau er kunden altid i h\u00f8js\u00e6det. Vi l\u00e6gger stor v\u00e6gt p\u00e5 kvalitet, hurtig respons og en tilfredsstillende oplevelse \u2013 hver gang.<\/span><\/p>\n<p>[\/et_pb_text][\/et_pb_column][et_pb_column type=&#8221;1_2&#8243; _builder_version=&#8221;4.27.5&#8243; _module_preset=&#8221;default&#8221; background_color=&#8221;gcid-616df9db-59a9-426c-8012-dc3f5169b64d&#8221; custom_padding=&#8221;2vw|4vw|2vw|4vw|true|true&#8221; border_width_all=&#8221;1px&#8221; border_color_all=&#8221;#FFFFFF&#8221; global_colors_info=&#8221;{%22gcid-616df9db-59a9-426c-8012-dc3f5169b64d%22:%91%22background_color%22,%22background_color%22%93}&#8221;][et_pb_text _builder_version=&#8221;4.27.5&#8243; _module_preset=&#8221;d06619a7-0df3-4b81-b233-8785b3fc184c&#8221; header_3_text_color=&#8221;#FFFFFF&#8221; custom_margin_tablet=&#8221;&#8221; custom_margin_phone=&#8221;||-1px||false|false&#8221; custom_margin_last_edited=&#8221;on|phone&#8221; global_colors_info=&#8221;{}&#8221;]<\/p>\n<h3 data-start=\"256\" data-end=\"282\">Levering, montering og projektering<\/h3>\n<p>[\/et_pb_text][et_pb_text _builder_version=&#8221;4.27.5&#8243; _module_preset=&#8221;b0750e91-d16d-4ade-9393-95fc74d418b7&#8243; text_text_color=&#8221;#FFFFFF&#8221; custom_margin=&#8221;||0px||false|false&#8221; custom_padding=&#8221;||0px||false|false&#8221; global_colors_info=&#8221;{}&#8221;]<\/p>\n<p><span>Vi leverer, monterer og projekterer nye l\u00f8sninger inden for:<\/span><\/p>\n<ul>\n<li><span>Skyded\u00f8rsautomatik<\/span><\/li>\n<li><span>El-d\u00f8rpumper (slagd\u00f8rsautomatik)<\/span><\/li>\n<\/ul>\n<p><span>Derudover leverer og monterer vi ogs\u00e5 faste sidepartier og d\u00f8rplader til skyded\u00f8rsautomatik.<br \/>Ved behov kommer vi gerne ud og foretager opm\u00e5ling (hulm\u00e5l), s\u00e5 l\u00f8sningen passer pr\u00e6cist til den konkrete opgave.<\/span><\/p>\n<p>[\/et_pb_text][\/et_pb_column][\/et_pb_row][et_pb_row column_structure=&#8221;1_2,1_2&#8243; custom_padding_last_edited=&#8221;on|tablet&#8221; _builder_version=&#8221;4.27.5&#8243; _module_preset=&#8221;default&#8221; max_width=&#8221;100%&#8221; custom_padding_tablet=&#8221;||0px||false|false&#8221; custom_padding_phone=&#8221;||0px||false|false&#8221; animation_style=&#8221;flip&#8221; animation_direction=&#8221;bottom&#8221; animation_duration=&#8221;1100ms&#8221; global_colors_info=&#8221;{}&#8221;][et_pb_column type=&#8221;1_2&#8243; _builder_version=&#8221;4.27.5&#8243; _module_preset=&#8221;default&#8221; background_color=&#8221;gcid-616df9db-59a9-426c-8012-dc3f5169b64d&#8221; custom_padding=&#8221;2vw|4vw|2vw|4vw|true|true&#8221; border_width_all=&#8221;1px&#8221; border_color_all=&#8221;#FFFFFF&#8221; global_colors_info=&#8221;{%22gcid-616df9db-59a9-426c-8012-dc3f5169b64d%22:%91%22background_color%22%93}&#8221;][et_pb_text _builder_version=&#8221;4.27.5&#8243; _module_preset=&#8221;d06619a7-0df3-4b81-b233-8785b3fc184c&#8221; header_3_text_color=&#8221;#FFFFFF&#8221; custom_margin_tablet=&#8221;&#8221; custom_margin_phone=&#8221;||-1px||false|false&#8221; custom_margin_last_edited=&#8221;on|phone&#8221; global_colors_info=&#8221;{}&#8221;]<\/p>\n<h3 data-start=\"256\" data-end=\"282\">Erfaring og faglighed<\/h3>\n<p data-start=\"284\" data-end=\"306\">[\/et_pb_text][et_pb_text _builder_version=&#8221;4.27.5&#8243; _module_preset=&#8221;b0750e91-d16d-4ade-9393-95fc74d418b7&#8243; text_text_color=&#8221;#FFFFFF&#8221; custom_margin=&#8221;||0px||false|false&#8221; custom_padding=&#8221;||0px||false|false&#8221; global_colors_info=&#8221;{}&#8221;]<\/p>\n<p><span>Vores mont\u00f8r har stor faglig erfaring inden for d\u00f8rautomatik og sikrer en professionel og driftssikker l\u00f8sning.<\/span><\/p>\n<p><span>Vi har overtaget afdelingen Alt D\u00f8rautomatik fra MBM &amp; MAB \u2013 herunder ogs\u00e5 deres mont\u00f8rer. Dermed videref\u00f8rer vi b\u00e5de kompetencerne og erfaringen fra omr\u00e5det. Vi har 10 \u00e5rs erfaring, i montering af d\u00f8rautomatik.<\/span><\/p>\n<p>[\/et_pb_text][\/et_pb_column][et_pb_column type=&#8221;1_2&#8243; _builder_version=&#8221;4.27.5&#8243; _module_preset=&#8221;default&#8221; background_color=&#8221;gcid-616df9db-59a9-426c-8012-dc3f5169b64d&#8221; custom_padding=&#8221;2vw|4vw|2vw|4vw|true|true&#8221; border_width_all=&#8221;1px&#8221; border_color_all=&#8221;#FFFFFF&#8221; global_colors_info=&#8221;{%22gcid-616df9db-59a9-426c-8012-dc3f5169b64d%22:%91%22background_color%22,%22background_color%22%93}&#8221;][et_pb_text _builder_version=&#8221;4.27.5&#8243; _module_preset=&#8221;d06619a7-0df3-4b81-b233-8785b3fc184c&#8221; header_3_text_color=&#8221;#FFFFFF&#8221; custom_margin_tablet=&#8221;&#8221; custom_margin_phone=&#8221;||0px||false|false&#8221; custom_margin_last_edited=&#8221;on|phone&#8221; global_colors_info=&#8221;{}&#8221;]<\/p>\n<h3 data-start=\"256\" data-end=\"282\">Systemer vi servicerer<\/h3>\n<p data-start=\"284\" data-end=\"306\">[\/et_pb_text][et_pb_text _builder_version=&#8221;4.27.5&#8243; _module_preset=&#8221;b0750e91-d16d-4ade-9393-95fc74d418b7&#8243; text_font=&#8221;&#8211;et_global_body_font||||||||&#8221; text_text_color=&#8221;#FFFFFF&#8221; custom_margin=&#8221;||0px||false|false&#8221; custom_padding=&#8221;||0px||false|false&#8221; hover_enabled=&#8221;0&#8243; global_colors_info=&#8221;{}&#8221; sticky_enabled=&#8221;0&#8243;]<\/p>\n<p><span>Vi servicerer systemer fra bla.:<\/span><\/p>\n<ul>\n<li>Tormax<\/li>\n<li>GEZE<\/li>\n<li>Besam<\/li>\n<li>Record<\/li>\n<li>ASSA ABLOY<br \/><span>m.m.<\/span><\/li>\n<\/ul>\n<p>[\/et_pb_text][\/et_pb_column][\/et_pb_row][et_pb_row custom_padding_last_edited=&#8221;on|phone&#8221; _builder_version=&#8221;4.27.5&#8243; _module_preset=&#8221;default&#8221; max_width=&#8221;100%&#8221; custom_padding_tablet=&#8221;&#8221; custom_padding_phone=&#8221;||0px||false|false&#8221; global_colors_info=&#8221;{}&#8221;][et_pb_column type=&#8221;4_4&#8243; _builder_version=&#8221;4.27.5&#8243; _module_preset=&#8221;default&#8221; global_colors_info=&#8221;{}&#8221;][et_pb_text _builder_version=&#8221;4.27.5&#8243; _module_preset=&#8221;default&#8221; text_font=&#8221;&#8211;et_global_body_font||||||||&#8221; text_text_color=&#8221;#FFFFFF&#8221; text_font_size=&#8221;18px&#8221; text_line_height=&#8221;1.8em&#8221; header_font=&#8221;&#8211;et_global_heading_font||||||||&#8221; header_text_color=&#8221;#FFFFFF&#8221; header_3_text_color=&#8221;#FFFFFF&#8221; header_3_line_height=&#8221;1.1em&#8221; text_orientation=&#8221;center&#8221; width=&#8221;56%&#8221; width_tablet=&#8221;auto&#8221; width_phone=&#8221;auto&#8221; width_last_edited=&#8221;on|phone&#8221; module_alignment=&#8221;center&#8221; header_3_line_height_tablet=&#8221;1.1em&#8221; header_3_line_height_phone=&#8221;1.4em&#8221; header_3_line_height_last_edited=&#8221;on|phone&#8221; global_colors_info=&#8221;{}&#8221;]<\/p>\n<h3 data-start=\"1594\" data-end=\"1634\">Egen forhandling af kvalitetsprodukt<\/h3>\n<p><span>Vi har selv importen og forhandlingen af produktet LABEL fra Italien.<\/span><\/p>\n<p><span>Det er et kvalitetsprodukt, som er bredt anvendt i Europa og kendt for driftssikkerhed, holdbarhed og moderne design.<\/span><\/p>\n<h3 data-start=\"1847\" data-end=\"1869\"><\/h3>\n<h3 data-start=\"1847\" data-end=\"1869\"><\/h3>\n<h3 data-start=\"1847\" data-end=\"1869\">Geografisk d\u00e6kning<\/h3>\n<p><span>Vores hovedkontor ligger i Nyk\u00f8bing Mors, og vores mont\u00f8rer er strategisk placeret rundt i Danmark, s\u00e5 vi hurtigt og effektivt kan servicere vores kunder.<\/span><\/p>\n<p data-start=\"1871\" data-end=\"2049\">[\/et_pb_text][\/et_pb_column][\/et_pb_row][\/et_pb_section]<\/p>\n","protected":false},"excerpt":{"rendered":"<p>Vi tilbyderVores ydelser inden for d\u00f8rautomatikProfessionel service, levering og montering af l\u00f8sninger inden for d\u00f8rautomatik til alle b\u00e5de erhverv og offentlige institutioner, og hvem som m\u00e5tte have behov.Service og vedligeholdVi udf\u00f8rer service p\u00e5: El-d\u00f8rpumper til almindelige d\u00f8re (slagd\u00f8rsautomatik) 1-fl\u00f8jet og 2-fl\u00f8jet automatiske skyded\u00f8re Karruseld\u00f8re Med vores h\u00f8je serviceniveau er kunden altid i h\u00f8js\u00e6det. Vi l\u00e6gger [&hellip;]<\/p>\n","protected":false},"author":2,"featured_media":0,"parent":0,"menu_order":0,"comment_status":"closed","ping_status":"closed","template":"","meta":{"_et_pb_use_builder":"on","_et_pb_old_content":"<!-- wp:divi\/placeholder \/-->","_et_gb_content_width":"","footnotes":""},"class_list":["post-13","page","type-page","status-publish","hentry"],"_links":{"self":[{"href":"https:\/\/emdoerautomatik.dk\/index.php?rest_route=\/wp\/v2\/pages\/13","targetHints":{"allow":["GET"]}}],"collection":[{"href":"https:\/\/emdoerautomatik.dk\/index.php?rest_route=\/wp\/v2\/pages"}],"about":[{"href":"https:\/\/emdoerautomatik.dk\/index.php?rest_route=\/wp\/v2\/types\/page"}],"author":[{"embeddable":true,"href":"https:\/\/emdoerautomatik.dk\/index.php?rest_route=\/wp\/v2\/users\/2"}],"replies":[{"embeddable":true,"href":"https:\/\/emdoerautomatik.dk\/index.php?rest_route=%2Fwp%2Fv2%2Fcomments&post=13"}],"version-history":[{"count":37,"href":"https:\/\/emdoerautomatik.dk\/index.php?rest_route=\/wp\/v2\/pages\/13\/revisions"}],"predecessor-version":[{"id":344274,"href":"https:\/\/emdoerautomatik.dk\/index.php?rest_route=\/wp\/v2\/pages\/13\/revisions\/344274"}],"wp:attachment":[{"href":"https:\/\/emdoerautomatik.dk\/index.php?rest_route=%2Fwp%2Fv2%2Fmedia&parent=13"}],"curies":[{"name":"wp","href":"https:\/\/api.w.org\/{rel}","templated":true}]}}