{"id":18,"date":"2026-02-24T19:43:44","date_gmt":"2026-02-24T19:43:44","guid":{"rendered":"https:\/\/emdoerautomatik.dk\/?page_id=18"},"modified":"2026-03-10T07:37:47","modified_gmt":"2026-03-10T07:37:47","slug":"om-os","status":"publish","type":"page","link":"https:\/\/emdoerautomatik.dk\/?page_id=18","title":{"rendered":"Om os"},"content":{"rendered":"<p>[et_pb_section fb_built=&#8221;1&#8243; custom_padding_last_edited=&#8221;on|phone&#8221; admin_label=&#8221;Header&#8221; _builder_version=&#8221;4.27.5&#8243; background_color=&#8221;rgba(0,0,0,0.48)&#8221; background_image=&#8221;https:\/\/emdoerautomatik.dk\/wp-content\/uploads\/DSC00419-scaled.jpg&#8221; background_blend=&#8221;multiply&#8221; background_enable_video_mp4=&#8221;off&#8221; custom_padding=&#8221;5vw||5vw||true|false&#8221; custom_padding_tablet=&#8221;9vw||9vw||true|false&#8221; custom_padding_phone=&#8221;18vw||18vw||true|false&#8221; global_colors_info=&#8221;{%22gcid-616df9db-59a9-426c-8012-dc3f5169b64d%22:%91%22background_color_gradient_stops%22%93}&#8221;][et_pb_row _builder_version=&#8221;4.27.5&#8243; z_index=&#8221;10&#8243; max_width=&#8221;none&#8221; custom_padding=&#8221;0px||5px|||&#8221; animation_style=&#8221;fade&#8221; global_colors_info=&#8221;{}&#8221;][et_pb_column type=&#8221;4_4&#8243; _builder_version=&#8221;4.16&#8243; global_colors_info=&#8221;{}&#8221;][et_pb_text _builder_version=&#8221;4.27.5&#8243; text_font_size=&#8221;16px&#8221; text_line_height=&#8221;1.8em&#8221; header_font=&#8221;Orbitron|700|||||||&#8221; header_text_align=&#8221;center&#8221; header_font_size=&#8221;6vw&#8221; background_layout=&#8221;dark&#8221; width=&#8221;70%&#8221; module_alignment=&#8221;center&#8221; header_text_align_tablet=&#8221;center&#8221; header_text_align_phone=&#8221;center&#8221; header_text_align_last_edited=&#8221;on|desktop&#8221; header_font_size_tablet=&#8221;&#8221; header_font_size_phone=&#8221;42px&#8221; header_font_size_last_edited=&#8221;on|tablet&#8221; global_colors_info=&#8221;{}&#8221;]<\/p>\n<h1>Om os<\/h1>\n<p>[\/et_pb_text][et_pb_text _builder_version=&#8221;4.27.5&#8243; _module_preset=&#8221;default&#8221; text_font=&#8221;&#8211;et_global_body_font||||||||&#8221; text_text_color=&#8221;#FFFFFF&#8221; text_font_size=&#8221;18px&#8221; text_line_height=&#8221;1.8em&#8221; text_orientation=&#8221;center&#8221; width=&#8221;56%&#8221; width_tablet=&#8221;auto&#8221; width_phone=&#8221;auto&#8221; width_last_edited=&#8221;on|phone&#8221; module_alignment=&#8221;center&#8221; global_colors_info=&#8221;{}&#8221;]<\/p>\n<p>EM d\u00f8rautomatik udf\u00f8rer alt inden for d\u00f8rautomatik. Afdelingen er etableret med fokus p\u00e5 h\u00f8j faglighed, driftsikkerhed og professionel service.<\/p>\n<p>[\/et_pb_text][\/et_pb_column][\/et_pb_row][\/et_pb_section][et_pb_section fb_built=&#8221;1&#8243; custom_padding_last_edited=&#8221;on|phone&#8221; admin_label=&#8221;Call to Action&#8221; _builder_version=&#8221;4.27.5&#8243; custom_padding=&#8221;89px||0vw||false|false&#8221; custom_padding_tablet=&#8221;89px||0vw||false|false&#8221; custom_padding_phone=&#8221;30px||0vw||false|false&#8221; global_colors_info=&#8221;{}&#8221;][et_pb_row column_structure=&#8221;1_2,1_2&#8243; custom_padding_last_edited=&#8221;on|tablet&#8221; _builder_version=&#8221;4.27.5&#8243; max_width=&#8221;100%&#8221; custom_padding=&#8221;||40px|||&#8221; custom_padding_tablet=&#8221;||0px||false|false&#8221; custom_padding_phone=&#8221;||0px||false|false&#8221; animation_style=&#8221;fade&#8221; global_colors_info=&#8221;{}&#8221;][et_pb_column type=&#8221;1_2&#8243; _builder_version=&#8221;4.16&#8243; global_colors_info=&#8221;{}&#8221;][et_pb_text _builder_version=&#8221;4.27.5&#8243; header_2_font=&#8221;Orbitron|700|||||||&#8221; header_2_text_color=&#8221;gcid-616df9db-59a9-426c-8012-dc3f5169b64d&#8221; header_2_font_size=&#8221;40px&#8221; header_2_line_height=&#8221;1.2em&#8221; custom_padding=&#8221;0px|||||&#8221; header_2_font_size_tablet=&#8221;&#8221; header_2_font_size_phone=&#8221;30px&#8221; header_2_font_size_last_edited=&#8221;on|phone&#8221; global_colors_info=&#8221;{%22gcid-616df9db-59a9-426c-8012-dc3f5169b64d%22:%91%22header_2_text_color%22%93}&#8221;]<\/p>\n<h2>Erfaring og kontinuitet<\/h2>\n<p>[\/et_pb_text][\/et_pb_column][et_pb_column type=&#8221;1_2&#8243; _builder_version=&#8221;4.16&#8243; global_colors_info=&#8221;{}&#8221;][et_pb_text _builder_version=&#8221;4.27.5&#8243; text_font=&#8221;&#8211;et_global_body_font||||||||&#8221; text_font_size=&#8221;16px&#8221; text_line_height=&#8221;1.8em&#8221; global_colors_info=&#8221;{}&#8221;]<\/p>\n<p><span>Vi har gennem 10 \u00c5r, haft et t\u00e6t samarbejde med\u00a0MBM &amp; MAB, hvor der udelukkende er blevet anvendt deres materialer og l\u00f8sninger inden for d\u00f8rautomatik.<\/span><\/p>\n<p>I forbindelse med MBM &amp; MAB\u2019s lukning, har vi overtaget kundekartotek, telefonnumre samt lager relateret til d\u00f8rautomatik.<\/p>\n<p>For at fastholde den h\u00f8je kvalitet og ekspertise har vi desuden ansat to af MBM &amp; MAB\u2019s mest erfarne mont\u00f8rer. De har indg\u00e5ende kendskab til b\u00e5de installationer, systemer og kunder \u2013 og bringer mange \u00e5rs specialiseret erfaring inden for d\u00f8rautomatik med sig.<\/p>\n<p>Desuden har vi overtaget importen af produkterne fra \u201dLABEL\u201d.<\/p>\n<p>Vi er nu forhandlere af f\u00f8lgende produkter:<\/p>\n<p>Skyded\u00f8rsautomatik<\/p>\n<ul>\n<li>ITEK 18<\/li>\n<li>ETERNA<\/li>\n<li>DITEC<\/li>\n<\/ul>\n<p>Slagd\u00f8rsautomatik<\/p>\n<ul>\n<li>NEOTIS PLUS (SLT)<\/li>\n<li>NEXT 75-120-150<\/li>\n<li>DORMA ED 100\/250<\/li>\n<\/ul>\n<p>Samt reservedele til ovenst\u00e5ende.<\/p>\n<p>Dette sikrer kontinuitet, stabil drift og tryghed for vore kunder.<\/p>\n<p>[\/et_pb_text][\/et_pb_column][\/et_pb_row][et_pb_row column_structure=&#8221;1_2,1_2&#8243; custom_padding_last_edited=&#8221;on|tablet&#8221; _builder_version=&#8221;4.27.5&#8243; max_width=&#8221;100%&#8221; custom_padding=&#8221;||101px|||&#8221; custom_padding_tablet=&#8221;||0px||false|false&#8221; custom_padding_phone=&#8221;||0px||false|false&#8221; animation_style=&#8221;fade&#8221; global_colors_info=&#8221;{}&#8221;][et_pb_column type=&#8221;1_2&#8243; _builder_version=&#8221;4.16&#8243; global_colors_info=&#8221;{}&#8221;][et_pb_text _builder_version=&#8221;4.27.5&#8243; header_2_font=&#8221;Orbitron|700|||||||&#8221; header_2_text_color=&#8221;gcid-616df9db-59a9-426c-8012-dc3f5169b64d&#8221; header_2_font_size=&#8221;40px&#8221; header_2_line_height=&#8221;1.2em&#8221; custom_padding=&#8221;0px|||||&#8221; header_2_font_size_tablet=&#8221;&#8221; header_2_font_size_phone=&#8221;30px&#8221; header_2_font_size_last_edited=&#8221;on|phone&#8221; global_colors_info=&#8221;{%22gcid-616df9db-59a9-426c-8012-dc3f5169b64d%22:%91%22header_2_text_color%22%93}&#8221;]<\/p>\n<h2><strong>Komplette l\u00f8sninger i hele Scandinavien<\/strong><\/h2>\n<p>[\/et_pb_text][\/et_pb_column][et_pb_column type=&#8221;1_2&#8243; _builder_version=&#8221;4.16&#8243; global_colors_info=&#8221;{}&#8221;][et_pb_text _builder_version=&#8221;4.27.5&#8243; text_font=&#8221;&#8211;et_global_body_font||||||||&#8221; text_font_size=&#8221;16px&#8221; text_line_height=&#8221;1.8em&#8221; hover_enabled=&#8221;0&#8243; global_colors_info=&#8221;{}&#8221; sticky_enabled=&#8221;0&#8243;]<\/p>\n<p>EM D\u00f8rautomatik servicerer kunder i hele Danmark og tilbyder komplette l\u00f8sninger inden for:<\/p>\n<ul>\n<li>Installation af d\u00f8rautomatik<\/li>\n<li>Service og vedligehold<\/li>\n<li>Fejlfinding og reparation<\/li>\n<li>Opgradering og modernisering af eksisterende anl\u00e6g<\/li>\n<\/ul>\n<p>Vi arbejder altid med fokus p\u00e5 kvalitet, sikkerhed og p\u00e5lidelig drift. Vores m\u00e5l er at levere l\u00f8sninger, der fungerer optimalt i hverdagen \u2013 b\u00e5de teknisk og praktisk.<\/p>\n<p>Hos EM D\u00f8rautomatik er kunden i centrum, og vi g\u00e5r aldrig p\u00e5 kompromis med det faglige niveau.<\/p>\n<p>Vi bygger automatikskinner efter kundens m\u00e5l. Og oplysninger, s\u00e5 det altid passer.<\/p>\n<p>[\/et_pb_text][\/et_pb_column][\/et_pb_row][et_pb_row _builder_version=&#8221;4.27.5&#8243; max_width=&#8221;100%&#8221; min_height=&#8221;0px&#8221; global_colors_info=&#8221;{}&#8221;][et_pb_column type=&#8221;4_4&#8243; _builder_version=&#8221;4.16&#8243; global_colors_info=&#8221;{}&#8221;][et_pb_image src=&#8221;https:\/\/emdoerautomatik.dk\/wp-content\/uploads\/DSC00435-scaled.jpg&#8221; title_text=&#8221;DSC00435&#8243; _builder_version=&#8221;4.27.5&#8243; _module_preset=&#8221;default&#8221; custom_margin=&#8221;-15px||17px|||&#8221; global_colors_info=&#8221;{}&#8221;][\/et_pb_image][et_pb_text _builder_version=&#8221;4.27.5&#8243; _module_preset=&#8221;default&#8221; text_font_size=&#8221;21px&#8221; text_font_size_tablet=&#8221;16px&#8221; text_font_size_phone=&#8221;16px&#8221; text_font_size_last_edited=&#8221;on|phone&#8221; global_colors_info=&#8221;{}&#8221;]<\/p>\n<p>Her ses et udpluk af skinner til skydd\u00f8rsautomatik fra vores egen produktion.<\/p>\n<p>[\/et_pb_text][\/et_pb_column][\/et_pb_row][\/et_pb_section]<\/p>\n","protected":false},"excerpt":{"rendered":"<p>Om osEM d\u00f8rautomatik udf\u00f8rer alt inden for d\u00f8rautomatik. Afdelingen er etableret med fokus p\u00e5 h\u00f8j faglighed, driftsikkerhed og professionel service.Erfaring og kontinuitetVi har gennem 10 \u00c5r, haft et t\u00e6t samarbejde med\u00a0MBM &amp; MAB, hvor der udelukkende er blevet anvendt deres materialer og l\u00f8sninger inden for d\u00f8rautomatik. I forbindelse med MBM &amp; MAB\u2019s lukning, har vi [&hellip;]<\/p>\n","protected":false},"author":2,"featured_media":0,"parent":0,"menu_order":0,"comment_status":"closed","ping_status":"closed","template":"","meta":{"_et_pb_use_builder":"on","_et_pb_old_content":"<!-- wp:divi\/placeholder \/-->","_et_gb_content_width":"","footnotes":""},"class_list":["post-18","page","type-page","status-publish","hentry"],"_links":{"self":[{"href":"https:\/\/emdoerautomatik.dk\/index.php?rest_route=\/wp\/v2\/pages\/18","targetHints":{"allow":["GET"]}}],"collection":[{"href":"https:\/\/emdoerautomatik.dk\/index.php?rest_route=\/wp\/v2\/pages"}],"about":[{"href":"https:\/\/emdoerautomatik.dk\/index.php?rest_route=\/wp\/v2\/types\/page"}],"author":[{"embeddable":true,"href":"https:\/\/emdoerautomatik.dk\/index.php?rest_route=\/wp\/v2\/users\/2"}],"replies":[{"embeddable":true,"href":"https:\/\/emdoerautomatik.dk\/index.php?rest_route=%2Fwp%2Fv2%2Fcomments&post=18"}],"version-history":[{"count":23,"href":"https:\/\/emdoerautomatik.dk\/index.php?rest_route=\/wp\/v2\/pages\/18\/revisions"}],"predecessor-version":[{"id":344284,"href":"https:\/\/emdoerautomatik.dk\/index.php?rest_route=\/wp\/v2\/pages\/18\/revisions\/344284"}],"wp:attachment":[{"href":"https:\/\/emdoerautomatik.dk\/index.php?rest_route=%2Fwp%2Fv2%2Fmedia&parent=18"}],"curies":[{"name":"wp","href":"https:\/\/api.w.org\/{rel}","templated":true}]}}