{"id":344098,"date":"2026-02-28T14:15:45","date_gmt":"2026-02-28T14:15:45","guid":{"rendered":"https:\/\/emdoerautomatik.dk\/?page_id=344098"},"modified":"2026-03-09T20:08:03","modified_gmt":"2026-03-09T20:08:03","slug":"vores-kunder","status":"publish","type":"page","link":"https:\/\/emdoerautomatik.dk\/?page_id=344098","title":{"rendered":"Vores kunder"},"content":{"rendered":"<p>[et_pb_section fb_built=&#8221;1&#8243; custom_padding_last_edited=&#8221;on|phone&#8221; admin_label=&#8221;Header&#8221; _builder_version=&#8221;4.27.5&#8243; background_color=&#8221;rgba(0,0,0,0.48)&#8221; background_image=&#8221;https:\/\/emdoerautomatik.dk\/wp-content\/uploads\/DSC00427-scaled.jpg&#8221; background_blend=&#8221;multiply&#8221; background_enable_video_mp4=&#8221;off&#8221; custom_padding=&#8221;5vw||5vw||true|false&#8221; custom_padding_tablet=&#8221;9vw||9vw||true|false&#8221; custom_padding_phone=&#8221;18vw||18vw||true|false&#8221; global_colors_info=&#8221;{%22gcid-616df9db-59a9-426c-8012-dc3f5169b64d%22:%91%22background_color_gradient_stops%22%93}&#8221;][et_pb_row _builder_version=&#8221;4.27.5&#8243; z_index=&#8221;10&#8243; max_width=&#8221;none&#8221; custom_padding=&#8221;0px||5px|||&#8221; animation_style=&#8221;fade&#8221; global_colors_info=&#8221;{}&#8221;][et_pb_column type=&#8221;4_4&#8243; _builder_version=&#8221;4.16&#8243; global_colors_info=&#8221;{}&#8221;][et_pb_text _builder_version=&#8221;4.27.5&#8243; text_font_size=&#8221;16px&#8221; text_line_height=&#8221;1.8em&#8221; header_font=&#8221;Orbitron|700|||||||&#8221; header_text_align=&#8221;center&#8221; header_font_size=&#8221;6vw&#8221; background_layout=&#8221;dark&#8221; width=&#8221;70%&#8221; module_alignment=&#8221;center&#8221; header_text_align_tablet=&#8221;center&#8221; header_text_align_phone=&#8221;center&#8221; header_text_align_last_edited=&#8221;on|desktop&#8221; header_font_size_tablet=&#8221;&#8221; header_font_size_phone=&#8221;42px&#8221; header_font_size_last_edited=&#8221;on|tablet&#8221; global_colors_info=&#8221;{}&#8221;]<\/p>\n<h1>Vores kunder<\/h1>\n<p>[\/et_pb_text][et_pb_text _builder_version=&#8221;4.27.5&#8243; _module_preset=&#8221;default&#8221; text_font=&#8221;&#8211;et_global_body_font||||||||&#8221; text_text_color=&#8221;#FFFFFF&#8221; text_font_size=&#8221;18px&#8221; text_line_height=&#8221;1.8em&#8221; text_orientation=&#8221;center&#8221; width=&#8221;56%&#8221; width_tablet=&#8221;auto&#8221; width_phone=&#8221;auto&#8221; width_last_edited=&#8221;on|phone&#8221; module_alignment=&#8221;center&#8221; global_colors_info=&#8221;{}&#8221;]<\/p>\n<p data-start=\"71\" data-end=\"256\"><strong data-start=\"135\" data-end=\"154\">EM D\u00f8rautomatik<\/strong> er stolte over at v\u00e6re den foretrukne partner for en r\u00e6kke dygtige og ambiti\u00f8se kunder. Deres tillid inspirerer os hver dag.<\/p>\n<p>[\/et_pb_text][\/et_pb_column][\/et_pb_row][\/et_pb_section][et_pb_section fb_built=&#8221;1&#8243; custom_padding_last_edited=&#8221;on|tablet&#8221; admin_label=&#8221;Services&#8221; _builder_version=&#8221;4.27.5&#8243; custom_padding=&#8221;100px||27px|||&#8221; custom_padding_tablet=&#8221;30px||0px||false|false&#8221; custom_padding_phone=&#8221;30px||0px||false|false&#8221; global_colors_info=&#8221;{}&#8221;][et_pb_row _builder_version=&#8221;4.16&#8243; global_colors_info=&#8221;{}&#8221;][et_pb_column type=&#8221;4_4&#8243; _builder_version=&#8221;4.16&#8243; global_colors_info=&#8221;{}&#8221;][et_pb_text _builder_version=&#8221;4.27.5&#8243; header_font=&#8221;Exo 2||||||||&#8221; header_2_font=&#8221;Orbitron|700|||||||&#8221; header_2_text_align=&#8221;center&#8221; header_2_text_color=&#8221;gcid-616df9db-59a9-426c-8012-dc3f5169b64d&#8221; header_2_font_size=&#8221;40px&#8221; header_2_line_height=&#8221;1.2em&#8221; module_alignment=&#8221;center&#8221; header_2_font_size_tablet=&#8221;&#8221; header_2_font_size_phone=&#8221;30px&#8221; header_2_font_size_last_edited=&#8221;on|phone&#8221; global_colors_info=&#8221;{%22gcid-616df9db-59a9-426c-8012-dc3f5169b64d%22:%91%22header_2_text_color%22%93}&#8221;]<\/p>\n<h2><span><strong>Kunde Referencer:<\/strong><\/span><\/h2>\n<p>[\/et_pb_text][et_pb_text _builder_version=&#8221;4.27.5&#8243; _module_preset=&#8221;default&#8221; text_font=&#8221;&#8211;et_global_body_font||||||||&#8221; text_font_size=&#8221;18px&#8221; text_line_height=&#8221;1.8em&#8221; text_orientation=&#8221;center&#8221; width=&#8221;72%&#8221; module_alignment=&#8221;center&#8221; global_colors_info=&#8221;{}&#8221;]<\/p>\n<p>Vi er stolte af at samarbejde med en r\u00e6kke fantastiske kunder, som har valgt os som deres foretrukne partner. Deres tillid og samarbejde betyder alt for os.<\/p>\n<p>Her ses nogen af dem vi samarbejder med:<\/p>\n<p>[\/et_pb_text][\/et_pb_column][\/et_pb_row][\/et_pb_section][et_pb_section fb_built=&#8221;1&#8243; admin_label=&#8221;Call to Action&#8221; _builder_version=&#8221;4.16&#8243; custom_padding=&#8221;0px||0vw||false|false&#8221; global_colors_info=&#8221;{}&#8221;][et_pb_row column_structure=&#8221;1_3,1_3,1_3&#8243; custom_padding_last_edited=&#8221;on|tablet&#8221; _builder_version=&#8221;4.27.5&#8243; max_width=&#8221;100%&#8221; custom_padding=&#8221;0px||50px||false|false&#8221; custom_padding_tablet=&#8221;0px||0px||true|false&#8221; custom_padding_phone=&#8221;0px||0px||true|false&#8221; global_colors_info=&#8221;{}&#8221;][et_pb_column type=&#8221;1_3&#8243; _builder_version=&#8221;4.16&#8243; global_colors_info=&#8221;{}&#8221;][et_pb_text _builder_version=&#8221;4.27.5&#8243; text_font=&#8221;&#8211;et_global_body_font||||||||&#8221; text_font_size=&#8221;18px&#8221; text_line_height=&#8221;1.8em&#8221; custom_padding=&#8221;||1px|||&#8221; global_colors_info=&#8221;{}&#8221;]<\/p>\n<p>Jesperhus<\/p>\n<p>Randers Regnskov<\/p>\n<p>MC Donalds<\/p>\n<p>Mors\u00f8 Kommune<\/p>\n<p>Scanlines<\/p>\n<p>[\/et_pb_text][\/et_pb_column][et_pb_column type=&#8221;1_3&#8243; _builder_version=&#8221;4.16&#8243; global_colors_info=&#8221;{}&#8221;][et_pb_text _builder_version=&#8221;4.27.5&#8243; text_font=&#8221;&#8211;et_global_body_font||||||||&#8221; text_font_size=&#8221;18px&#8221; text_line_height=&#8221;1.8em&#8221; custom_padding=&#8221;||1px|||&#8221; global_colors_info=&#8221;{}&#8221;]<\/p>\n<p>Aalborg Sygehus (RN)<\/p>\n<p>Aalborg Universitetshospital<\/p>\n<p>KK Group<\/p>\n<p>Davidsen<\/p>\n<p>Plejehjemmet Fan\u00f8<\/p>\n<p>[\/et_pb_text][\/et_pb_column][et_pb_column type=&#8221;1_3&#8243; _builder_version=&#8221;4.16&#8243; global_colors_info=&#8221;{}&#8221;][et_pb_text _builder_version=&#8221;4.27.5&#8243; text_font=&#8221;&#8211;et_global_body_font||||||||&#8221; text_font_size=&#8221;18px&#8221; text_line_height=&#8221;1.8em&#8221; custom_margin_tablet=&#8221;&#8221; custom_margin_phone=&#8221;||-1px||false|false&#8221; custom_margin_last_edited=&#8221;on|phone&#8221; custom_padding=&#8221;||1px|||&#8221; custom_padding_tablet=&#8221;||1px|||&#8221; custom_padding_phone=&#8221;||1px||false|false&#8221; custom_padding_last_edited=&#8221;on|phone&#8221; global_colors_info=&#8221;{}&#8221;]<\/p>\n<p>Plejehjemmet K\u00e6rvang<\/p>\n<p>Rolstruplund Plejehjem<\/p>\n<p>Sundhedshuset Mors\u00f8<\/p>\n<p>Dueholm Skolen<\/p>\n<p>MC Holm Skole<\/p>\n<p>[\/et_pb_text][\/et_pb_column][\/et_pb_row][et_pb_row _builder_version=&#8221;4.27.5&#8243; max_width=&#8221;100%&#8221; min_height=&#8221;0px&#8221; global_colors_info=&#8221;{}&#8221;][et_pb_column type=&#8221;4_4&#8243; _builder_version=&#8221;4.16&#8243; global_colors_info=&#8221;{}&#8221;][et_pb_image src=&#8221;https:\/\/emdoerautomatik.dk\/wp-content\/uploads\/DSC00424-scaled.jpg&#8221; title_text=&#8221;DSC00424&#8243; _builder_version=&#8221;4.27.5&#8243; _module_preset=&#8221;default&#8221; custom_margin=&#8221;-15px|||||&#8221; hover_enabled=&#8221;0&#8243; global_colors_info=&#8221;{}&#8221; show_bottom_space=&#8221;off&#8221; sticky_enabled=&#8221;0&#8243;][\/et_pb_image][\/et_pb_column][\/et_pb_row][\/et_pb_section]<\/p>\n","protected":false},"excerpt":{"rendered":"<p>Vores kunderEM D\u00f8rautomatik er stolte over at v\u00e6re den foretrukne partner for en r\u00e6kke dygtige og ambiti\u00f8se kunder. Deres tillid inspirerer os hver dag.Kunde Referencer:Vi er stolte af at samarbejde med en r\u00e6kke fantastiske kunder, som har valgt os som deres foretrukne partner. Deres tillid og samarbejde betyder alt for os. Her ses nogen af [&hellip;]<\/p>\n","protected":false},"author":2,"featured_media":0,"parent":0,"menu_order":0,"comment_status":"closed","ping_status":"closed","template":"","meta":{"_et_pb_use_builder":"on","_et_pb_old_content":"","_et_gb_content_width":"","footnotes":""},"class_list":["post-344098","page","type-page","status-publish","hentry"],"_links":{"self":[{"href":"https:\/\/emdoerautomatik.dk\/index.php?rest_route=\/wp\/v2\/pages\/344098","targetHints":{"allow":["GET"]}}],"collection":[{"href":"https:\/\/emdoerautomatik.dk\/index.php?rest_route=\/wp\/v2\/pages"}],"about":[{"href":"https:\/\/emdoerautomatik.dk\/index.php?rest_route=\/wp\/v2\/types\/page"}],"author":[{"embeddable":true,"href":"https:\/\/emdoerautomatik.dk\/index.php?rest_route=\/wp\/v2\/users\/2"}],"replies":[{"embeddable":true,"href":"https:\/\/emdoerautomatik.dk\/index.php?rest_route=%2Fwp%2Fv2%2Fcomments&post=344098"}],"version-history":[{"count":39,"href":"https:\/\/emdoerautomatik.dk\/index.php?rest_route=\/wp\/v2\/pages\/344098\/revisions"}],"predecessor-version":[{"id":344271,"href":"https:\/\/emdoerautomatik.dk\/index.php?rest_route=\/wp\/v2\/pages\/344098\/revisions\/344271"}],"wp:attachment":[{"href":"https:\/\/emdoerautomatik.dk\/index.php?rest_route=%2Fwp%2Fv2%2Fmedia&parent=344098"}],"curies":[{"name":"wp","href":"https:\/\/api.w.org\/{rel}","templated":true}]}}